{"id":4808,"date":"2023-08-24T13:33:23","date_gmt":"2023-08-24T05:33:23","guid":{"rendered":"http:\/\/www.champs-legacy.com\/EN\/?page_id=4808"},"modified":"2026-02-28T15:37:26","modified_gmt":"2026-02-28T07:37:26","slug":"your-special-french-cuvees","status":"publish","type":"page","link":"https:\/\/www.champs-legacy.com\/EN\/our-services\/your-special-french-cuvees\/","title":{"rendered":"Your Special French Cuv\u00e9es"},"content":{"rendered":"\t\t<div data-elementor-type=\"wp-page\" data-elementor-id=\"4808\" class=\"elementor elementor-4808\">\n\t\t\t\t\t\t\t\t\t<section class=\"elementor-section elementor-top-section elementor-element elementor-element-c7cfd45 elementor-section-stretched elementor-section-full_width elementor-section-height-default elementor-section-height-default qodef-elementor-content-no\" data-id=\"c7cfd45\" data-element_type=\"section\" data-settings=\"{&quot;stretch_section&quot;:&quot;section-stretched&quot;,&quot;background_background&quot;:&quot;classic&quot;}\">\n\t\t\t\t\t\t<div class=\"elementor-container elementor-column-gap-default\">\n\t\t\t\t\t<div class=\"elementor-column elementor-col-100 elementor-top-column elementor-element elementor-element-7bb5007\" data-id=\"7bb5007\" data-element_type=\"column\">\n\t\t\t<div class=\"elementor-widget-wrap elementor-element-populated\">\n\t\t\t\t\t\t\t\t<div class=\"elementor-element elementor-element-b53811e elementor-widget elementor-widget-spacer\" data-id=\"b53811e\" data-element_type=\"widget\" data-widget_type=\"spacer.default\">\n\t\t\t\t<div class=\"elementor-widget-container\">\n\t\t\t<style>\/*! elementor - v3.15.0 - 02-08-2023 *\/\n.elementor-column .elementor-spacer-inner{height:var(--spacer-size)}.e-con{--container-widget-width:100%}.e-con-inner>.elementor-widget-spacer,.e-con>.elementor-widget-spacer{width:var(--container-widget-width,var(--spacer-size));--align-self:var(--container-widget-align-self,initial);--flex-shrink:0}.e-con-inner>.elementor-widget-spacer>.elementor-widget-container,.e-con-inner>.elementor-widget-spacer>.elementor-widget-container>.elementor-spacer,.e-con>.elementor-widget-spacer>.elementor-widget-container,.e-con>.elementor-widget-spacer>.elementor-widget-container>.elementor-spacer{height:100%}.e-con-inner>.elementor-widget-spacer>.elementor-widget-container>.elementor-spacer>.elementor-spacer-inner,.e-con>.elementor-widget-spacer>.elementor-widget-container>.elementor-spacer>.elementor-spacer-inner{height:var(--container-widget-height,var(--spacer-size))}<\/style>\t\t<div class=\"elementor-spacer\">\n\t\t\t<div class=\"elementor-spacer-inner\"><\/div>\n\t\t<\/div>\n\t\t\t\t<\/div>\n\t\t\t\t<\/div>\n\t\t\t\t\t<\/div>\n\t\t<\/div>\n\t\t\t\t\t\t\t<\/div>\n\t\t<\/section>\n\t\t\t\t<section class=\"elementor-section elementor-top-section elementor-element elementor-element-2d62523 qodef-elementor-content-grid elementor-section-boxed elementor-section-height-default elementor-section-height-default\" data-id=\"2d62523\" data-element_type=\"section\">\n\t\t\t\t\t\t<div class=\"elementor-container elementor-column-gap-default\">\n\t\t\t\t\t<div class=\"elementor-column elementor-col-100 elementor-top-column elementor-element elementor-element-757db85 elementor-invisible\" data-id=\"757db85\" data-element_type=\"column\" data-settings=\"{&quot;animation&quot;:&quot;fadeInUp&quot;}\">\n\t\t\t<div class=\"elementor-widget-wrap elementor-element-populated\">\n\t\t\t\t\t\t\t\t<div class=\"elementor-element elementor-element-4aedaa2 elementor-invisible elementor-widget elementor-widget-thetrial_core_section_title\" data-id=\"4aedaa2\" data-element_type=\"widget\" data-settings=\"{&quot;_animation&quot;:&quot;fadeInUp&quot;}\" data-widget_type=\"thetrial_core_section_title.default\">\n\t\t\t\t<div class=\"elementor-widget-container\">\n\t\t\t<div class=\"qodef-shortcode qodef-m  qodef-section-title qodef-alignment--center   \">\n\t\t<h2 class=\"qodef-m-title\" style=\"color: #87693D\">\n\t\t\t\t\tYour personalised French Grand Crus\t\t\t<\/h2>\n\t\t<\/div>\t\t<\/div>\n\t\t\t\t<\/div>\n\t\t\t\t\t<\/div>\n\t\t<\/div>\n\t\t\t\t\t\t\t<\/div>\n\t\t<\/section>\n\t\t\t\t<section class=\"elementor-section elementor-top-section elementor-element elementor-element-2c131d7 elementor-section-full_width qodef-elementor-content-grid elementor-section-height-default elementor-section-height-default\" data-id=\"2c131d7\" data-element_type=\"section\">\n\t\t\t\t\t\t<div class=\"elementor-container elementor-column-gap-default\">\n\t\t\t\t\t<div class=\"elementor-column elementor-col-50 elementor-top-column elementor-element elementor-element-6360465f elementor-invisible\" data-id=\"6360465f\" data-element_type=\"column\" data-settings=\"{&quot;animation&quot;:&quot;fadeInUp&quot;}\">\n\t\t\t<div class=\"elementor-widget-wrap elementor-element-populated\">\n\t\t\t\t\t\t\t\t<div class=\"elementor-element elementor-element-7cba4cc elementor-widget elementor-widget-text-editor\" data-id=\"7cba4cc\" data-element_type=\"widget\" data-widget_type=\"text-editor.default\">\n\t\t\t\t<div class=\"elementor-widget-container\">\n\t\t\t<style>\/*! elementor - v3.15.0 - 02-08-2023 *\/\n.elementor-widget-text-editor.elementor-drop-cap-view-stacked .elementor-drop-cap{background-color:#69727d;color:#fff}.elementor-widget-text-editor.elementor-drop-cap-view-framed .elementor-drop-cap{color:#69727d;border:3px solid;background-color:transparent}.elementor-widget-text-editor:not(.elementor-drop-cap-view-default) .elementor-drop-cap{margin-top:8px}.elementor-widget-text-editor:not(.elementor-drop-cap-view-default) .elementor-drop-cap-letter{width:1em;height:1em}.elementor-widget-text-editor .elementor-drop-cap{float:left;text-align:center;line-height:1;font-size:50px}.elementor-widget-text-editor .elementor-drop-cap-letter{display:inline-block}<\/style>\t\t\t\t<div class=\"page\" title=\"Page 1\"><div class=\"layoutArea\"><div class=\"column\"><p>We have partnered with the finest producers of Champagne, Bordeaux and Chablis so you can enjoy a selection of Grands Crus, with personalised label bottles at the effigy of your Champion.<\/p><div class=\"page\" title=\"Page 1\"><div class=\"layoutArea\"><div class=\"column\"><p>Please meet below our partners and discover our Sommelier\u2019s selection.<\/p><\/div><\/div><\/div><\/div><\/div><\/div>\t\t\t\t\t\t<\/div>\n\t\t\t\t<\/div>\n\t\t\t\t\t<\/div>\n\t\t<\/div>\n\t\t\t\t<div class=\"elementor-column elementor-col-50 elementor-top-column elementor-element elementor-element-2ddff9f9\" data-id=\"2ddff9f9\" data-element_type=\"column\">\n\t\t\t<div class=\"elementor-widget-wrap elementor-element-populated\">\n\t\t\t\t\t\t\t\t<section class=\"elementor-section elementor-inner-section elementor-element elementor-element-d0a9bb7 elementor-section-boxed elementor-section-height-default elementor-section-height-default qodef-elementor-content-no\" data-id=\"d0a9bb7\" data-element_type=\"section\">\n\t\t\t\t\t\t<div class=\"elementor-container elementor-column-gap-default\">\n\t\t\t\t\t<div class=\"elementor-column elementor-col-100 elementor-inner-column elementor-element elementor-element-eabccda elementor-invisible\" data-id=\"eabccda\" data-element_type=\"column\" data-settings=\"{&quot;animation&quot;:&quot;fadeInUp&quot;}\">\n\t\t\t<div class=\"elementor-widget-wrap elementor-element-populated\">\n\t\t\t\t\t\t\t\t<div class=\"elementor-element elementor-element-77f64b2 elementor-widget elementor-widget-image\" data-id=\"77f64b2\" data-element_type=\"widget\" data-widget_type=\"image.default\">\n\t\t\t\t<div class=\"elementor-widget-container\">\n\t\t\t<style>\/*! elementor - v3.15.0 - 02-08-2023 *\/\n.elementor-widget-image{text-align:center}.elementor-widget-image a{display:inline-block}.elementor-widget-image a img[src$=\".svg\"]{width:48px}.elementor-widget-image img{vertical-align:middle;display:inline-block}<\/style>\t\t\t\t\t\t\t\t\t<figure class=\"wp-caption\">\n\t\t\t\t\t\t\t\t\t\t<img loading=\"lazy\" decoding=\"async\" width=\"1024\" height=\"682\" src=\"https:\/\/www.champs-legacy.com\/EN\/wp-content\/uploads\/2023\/09\/img-french-cuvees-1024x682.jpg\" class=\"attachment-large size-large wp-image-5071\" alt=\"\" srcset=\"https:\/\/www.champs-legacy.com\/EN\/wp-content\/uploads\/2023\/09\/img-french-cuvees-1024x682.jpg 1024w, https:\/\/www.champs-legacy.com\/EN\/wp-content\/uploads\/2023\/09\/img-french-cuvees-300x200.jpg 300w, https:\/\/www.champs-legacy.com\/EN\/wp-content\/uploads\/2023\/09\/img-french-cuvees-768x512.jpg 768w, https:\/\/www.champs-legacy.com\/EN\/wp-content\/uploads\/2023\/09\/img-french-cuvees.jpg 1220w\" sizes=\"auto, (max-width: 1024px) 100vw, 1024px\" \/>\t\t\t\t\t\t\t\t\t\t\t<figcaption class=\"widget-image-caption wp-caption-text\"><\/figcaption>\n\t\t\t\t\t\t\t\t\t\t<\/figure>\n\t\t\t\t\t\t\t\t\t<\/div>\n\t\t\t\t<\/div>\n\t\t\t\t\t<\/div>\n\t\t<\/div>\n\t\t\t\t\t\t\t<\/div>\n\t\t<\/section>\n\t\t\t\t\t<\/div>\n\t\t<\/div>\n\t\t\t\t\t\t\t<\/div>\n\t\t<\/section>\n\t\t\t\t<section class=\"elementor-section elementor-top-section elementor-element elementor-element-b933650 elementor-section-boxed elementor-section-height-default elementor-section-height-default qodef-elementor-content-no\" data-id=\"b933650\" data-element_type=\"section\">\n\t\t\t\t\t\t<div class=\"elementor-container elementor-column-gap-default\">\n\t\t\t\t\t<div class=\"elementor-column elementor-col-100 elementor-top-column elementor-element elementor-element-af9f467\" data-id=\"af9f467\" data-element_type=\"column\">\n\t\t\t<div class=\"elementor-widget-wrap elementor-element-populated\">\n\t\t\t\t\t\t\t\t<div class=\"elementor-element elementor-element-91fb54f elementor-widget elementor-widget-spacer\" data-id=\"91fb54f\" data-element_type=\"widget\" data-widget_type=\"spacer.default\">\n\t\t\t\t<div class=\"elementor-widget-container\">\n\t\t\t\t\t<div class=\"elementor-spacer\">\n\t\t\t<div class=\"elementor-spacer-inner\"><\/div>\n\t\t<\/div>\n\t\t\t\t<\/div>\n\t\t\t\t<\/div>\n\t\t\t\t<div class=\"elementor-element elementor-element-0ca231e elementor-invisible elementor-widget elementor-widget-thetrial_core_section_title\" data-id=\"0ca231e\" data-element_type=\"widget\" data-settings=\"{&quot;_animation&quot;:&quot;fadeInUp&quot;}\" data-widget_type=\"thetrial_core_section_title.default\">\n\t\t\t\t<div class=\"elementor-widget-container\">\n\t\t\t<div class=\"qodef-shortcode qodef-m  qodef-section-title qodef-alignment--center   \">\n\t\t<h2 class=\"qodef-m-title\" style=\"color: #87693D\">\n\t\t\t\t\tRed Selection\t\t\t<\/h2>\n\t\t<\/div>\t\t<\/div>\n\t\t\t\t<\/div>\n\t\t\t\t\t<\/div>\n\t\t<\/div>\n\t\t\t\t\t\t\t<\/div>\n\t\t<\/section>\n\t\t\t\t<section class=\"elementor-section elementor-top-section elementor-element elementor-element-748d692 elementor-section-boxed elementor-section-height-default elementor-section-height-default qodef-elementor-content-no\" data-id=\"748d692\" data-element_type=\"section\">\n\t\t\t\t\t\t<div class=\"elementor-container elementor-column-gap-default\">\n\t\t\t\t\t<div class=\"elementor-column elementor-col-100 elementor-top-column elementor-element elementor-element-3a974a4\" data-id=\"3a974a4\" data-element_type=\"column\">\n\t\t\t<div class=\"elementor-widget-wrap elementor-element-populated\">\n\t\t\t\t\t\t\t\t<div class=\"elementor-element elementor-element-6f3a4c1 elementor-widget elementor-widget-qi_addons_for_elementor_dual_image_with_content\" data-id=\"6f3a4c1\" data-element_type=\"widget\" data-widget_type=\"qi_addons_for_elementor_dual_image_with_content.default\">\n\t\t\t\t<div class=\"elementor-widget-container\">\n\t\t\t<div class=\"qodef-shortcode qodef-m  qodef-qi-dual-image-with-content qodef--content-left qodef-decoration--italic qodef-link--underline-draw qodef-qi--has-appear \">\n\t<div class=\"qodef-dual-content\">\n\t\t<div class=\"qodef-m-inner-content\">\n\t\t\t\t<h2 class=\"qodef-m-title\">\n\t\tDomaines Fabre\t<\/h2>\n\t\t\t\t<p class=\"qodef-m-text\"><b>Ch\u00e2teau Landat<\/b><br>\n<i>Haut-M\u00e9doc<\/i>\n<br><br>\n<b>Ch\u00e2teau Landat Vielles Vignes<\/b><br>\n<i>Haut-M\u00e9doc<\/i>\n<br><br>\n<b>Gabriel<\/b><br>\n<i>Haut-M\u00e9doc<\/i>\n<br><br>\n<b>Ch\u00e2teau Haut-Baron<\/b><br>\n<i>Saint-Est\u00e8phe<\/i>\n<br><br>\n<b>Ch\u00e2teau Bellevue de Tayac<\/b><br>\n<i>Margaux<\/i>\n<br><br>\n<b>Reine de Tayac<\/b><br>\n<i>Margaux<\/i><\/p>\n\t\t<\/div>\n\t\t<div class=\"qodef-m-inner-bottom\">\n\t\t\t\t\t<\/div>\n\t<\/div>\n\t<div class=\"qodef-image-holder\">\n\t\t<div class=\"qodef-m-main-image\">\n\t<img loading=\"lazy\" decoding=\"async\" width=\"650\" height=\"800\" src=\"https:\/\/www.champs-legacy.com\/EN\/wp-content\/uploads\/2023\/09\/haut-medoc-grapes-2.jpg\" class=\"attachment-full size-full\" alt=\"\" srcset=\"https:\/\/www.champs-legacy.com\/EN\/wp-content\/uploads\/2023\/09\/haut-medoc-grapes-2.jpg 650w, https:\/\/www.champs-legacy.com\/EN\/wp-content\/uploads\/2023\/09\/haut-medoc-grapes-2-244x300.jpg 244w\" sizes=\"auto, (max-width: 650px) 100vw, 650px\" \/><\/div>\n\t\t<div class=\"qodef-m-second-image\">\n\t<img loading=\"lazy\" decoding=\"async\" width=\"300\" height=\"208\" src=\"https:\/\/www.champs-legacy.com\/EN\/wp-content\/uploads\/2023\/09\/Domaines-Fabre-300x208.jpg\" class=\"attachment-medium size-medium\" alt=\"\" srcset=\"https:\/\/www.champs-legacy.com\/EN\/wp-content\/uploads\/2023\/09\/Domaines-Fabre-300x208.jpg 300w, https:\/\/www.champs-legacy.com\/EN\/wp-content\/uploads\/2023\/09\/Domaines-Fabre.jpg 768w\" sizes=\"auto, (max-width: 300px) 100vw, 300px\" \/><\/div>\n\t<\/div>\n<\/div>\n\t\t<\/div>\n\t\t\t\t<\/div>\n\t\t\t\t\t<\/div>\n\t\t<\/div>\n\t\t\t\t\t\t\t<\/div>\n\t\t<\/section>\n\t\t\t\t<section class=\"elementor-section elementor-top-section elementor-element elementor-element-55e80b1 elementor-section-boxed elementor-section-height-default elementor-section-height-default qodef-elementor-content-no\" data-id=\"55e80b1\" data-element_type=\"section\">\n\t\t\t\t\t\t<div class=\"elementor-container elementor-column-gap-default\">\n\t\t\t\t\t<div class=\"elementor-column elementor-col-100 elementor-top-column elementor-element elementor-element-6079257\" data-id=\"6079257\" data-element_type=\"column\">\n\t\t\t<div class=\"elementor-widget-wrap elementor-element-populated\">\n\t\t\t\t\t\t\t\t<div class=\"elementor-element elementor-element-dde835d elementor-widget elementor-widget-spacer\" data-id=\"dde835d\" data-element_type=\"widget\" data-widget_type=\"spacer.default\">\n\t\t\t\t<div class=\"elementor-widget-container\">\n\t\t\t\t\t<div class=\"elementor-spacer\">\n\t\t\t<div class=\"elementor-spacer-inner\"><\/div>\n\t\t<\/div>\n\t\t\t\t<\/div>\n\t\t\t\t<\/div>\n\t\t\t\t<div class=\"elementor-element elementor-element-d19dad5 elementor-invisible elementor-widget elementor-widget-thetrial_core_section_title\" data-id=\"d19dad5\" data-element_type=\"widget\" data-settings=\"{&quot;_animation&quot;:&quot;fadeInUp&quot;}\" data-widget_type=\"thetrial_core_section_title.default\">\n\t\t\t\t<div class=\"elementor-widget-container\">\n\t\t\t<div class=\"qodef-shortcode qodef-m  qodef-section-title qodef-alignment--center   \">\n\t\t<h2 class=\"qodef-m-title\" style=\"color: #87693D\">\n\t\t\t\t\tWhite Selection\t\t\t<\/h2>\n\t\t<\/div>\t\t<\/div>\n\t\t\t\t<\/div>\n\t\t\t\t\t<\/div>\n\t\t<\/div>\n\t\t\t\t\t\t\t<\/div>\n\t\t<\/section>\n\t\t\t\t<section class=\"elementor-section elementor-top-section elementor-element elementor-element-b49b741 elementor-section-boxed elementor-section-height-default elementor-section-height-default qodef-elementor-content-no\" data-id=\"b49b741\" data-element_type=\"section\">\n\t\t\t\t\t\t<div class=\"elementor-container elementor-column-gap-default\">\n\t\t\t\t\t<div class=\"elementor-column elementor-col-100 elementor-top-column elementor-element elementor-element-9e07b8f\" data-id=\"9e07b8f\" data-element_type=\"column\">\n\t\t\t<div class=\"elementor-widget-wrap elementor-element-populated\">\n\t\t\t\t\t\t\t\t<div class=\"elementor-element elementor-element-7dbc93e elementor-widget elementor-widget-qi_addons_for_elementor_dual_image_with_content\" data-id=\"7dbc93e\" data-element_type=\"widget\" data-widget_type=\"qi_addons_for_elementor_dual_image_with_content.default\">\n\t\t\t\t<div class=\"elementor-widget-container\">\n\t\t\t<div class=\"qodef-shortcode qodef-m  qodef-qi-dual-image-with-content qodef--content-right qodef-decoration--italic qodef-link--underline-draw qodef-qi--has-appear \">\n\t<div class=\"qodef-dual-content\">\n\t\t<div class=\"qodef-m-inner-content\">\n\t\t\t\t<h2 class=\"qodef-m-title\">\n\t\tDomaine Vocoret et Fils\t<\/h2>\n\t\t\t\t<p class=\"qodef-m-text\"><b>Chablis Vieilles Vignes<\/b>\n<br><i>Appellation Chablis Prot\u00e9g\u00e9e<\/i> \n<br><br>\n<b>Grand Cru - Les Clos<\/b>\n<br><i>Appellation Chablis Grand Cru Prot\u00e9g\u00e9e <\/i>\n<br><br>\n<b>1ER CRU - Les Forets<\/b>\n<br><i>Appellation Chablis 1er Cru Prot\u00e9g\u00e9e <\/i>\n<br><br>\n<b>GRAND CRU - Blanchot<\/b>\n<br><i>Appellation Chablis Grand Cru Prot\u00e9g\u00e9e <\/i>\n<br><br>\n<b>1ER CRU - Montee de Tonnerre<\/b>\n<br><i>Appellation Chablis 1er Cru Prot\u00e9g\u00e9e <\/i>\n<br><br>\n<b>1ER CRU - Les Vaillons<\/b>\n<br><i>Appellation Chablis 1er Cru Prot\u00e9g\u00e9e <\/i>\n<\/p>\n\t\t<\/div>\n\t\t<div class=\"qodef-m-inner-bottom\">\n\t\t\t\t\t<\/div>\n\t<\/div>\n\t<div class=\"qodef-image-holder\">\n\t\t<div class=\"qodef-m-main-image\">\n\t<img loading=\"lazy\" decoding=\"async\" width=\"1366\" height=\"942\" src=\"https:\/\/www.champs-legacy.com\/EN\/wp-content\/uploads\/2023\/09\/manuel-venturini-ocrywb2nojm-unsplash_edited.jpeg\" class=\"attachment-full size-full\" alt=\"\" srcset=\"https:\/\/www.champs-legacy.com\/EN\/wp-content\/uploads\/2023\/09\/manuel-venturini-ocrywb2nojm-unsplash_edited.jpeg 1366w, https:\/\/www.champs-legacy.com\/EN\/wp-content\/uploads\/2023\/09\/manuel-venturini-ocrywb2nojm-unsplash_edited-300x207.jpeg 300w, https:\/\/www.champs-legacy.com\/EN\/wp-content\/uploads\/2023\/09\/manuel-venturini-ocrywb2nojm-unsplash_edited-1024x706.jpeg 1024w, https:\/\/www.champs-legacy.com\/EN\/wp-content\/uploads\/2023\/09\/manuel-venturini-ocrywb2nojm-unsplash_edited-768x530.jpeg 768w\" sizes=\"auto, (max-width: 1366px) 100vw, 1366px\" \/><\/div>\n\t\t<div class=\"qodef-m-second-image\">\n\t<img loading=\"lazy\" decoding=\"async\" width=\"300\" height=\"208\" src=\"https:\/\/www.champs-legacy.com\/EN\/wp-content\/uploads\/2023\/09\/Domaine-Vocoret-et-Fils-300x208.jpg\" class=\"attachment-medium size-medium\" alt=\"\" srcset=\"https:\/\/www.champs-legacy.com\/EN\/wp-content\/uploads\/2023\/09\/Domaine-Vocoret-et-Fils-300x208.jpg 300w, https:\/\/www.champs-legacy.com\/EN\/wp-content\/uploads\/2023\/09\/Domaine-Vocoret-et-Fils.jpg 768w\" sizes=\"auto, (max-width: 300px) 100vw, 300px\" \/><\/div>\n\t<\/div>\n<\/div>\n\t\t<\/div>\n\t\t\t\t<\/div>\n\t\t\t\t\t<\/div>\n\t\t<\/div>\n\t\t\t\t\t\t\t<\/div>\n\t\t<\/section>\n\t\t\t\t<section class=\"elementor-section elementor-top-section elementor-element elementor-element-1a0caad elementor-section-boxed elementor-section-height-default elementor-section-height-default qodef-elementor-content-no\" data-id=\"1a0caad\" data-element_type=\"section\">\n\t\t\t\t\t\t<div class=\"elementor-container elementor-column-gap-default\">\n\t\t\t\t\t<div class=\"elementor-column elementor-col-100 elementor-top-column elementor-element elementor-element-e1d232c\" data-id=\"e1d232c\" data-element_type=\"column\">\n\t\t\t<div class=\"elementor-widget-wrap elementor-element-populated\">\n\t\t\t\t\t\t\t\t<div class=\"elementor-element elementor-element-aa99ef4 elementor-widget elementor-widget-spacer\" data-id=\"aa99ef4\" data-element_type=\"widget\" data-widget_type=\"spacer.default\">\n\t\t\t\t<div class=\"elementor-widget-container\">\n\t\t\t\t\t<div class=\"elementor-spacer\">\n\t\t\t<div class=\"elementor-spacer-inner\"><\/div>\n\t\t<\/div>\n\t\t\t\t<\/div>\n\t\t\t\t<\/div>\n\t\t\t\t<div class=\"elementor-element elementor-element-3637719 elementor-invisible elementor-widget elementor-widget-thetrial_core_section_title\" data-id=\"3637719\" data-element_type=\"widget\" data-settings=\"{&quot;_animation&quot;:&quot;fadeInUp&quot;}\" data-widget_type=\"thetrial_core_section_title.default\">\n\t\t\t\t<div class=\"elementor-widget-container\">\n\t\t\t<div class=\"qodef-shortcode qodef-m  qodef-section-title qodef-alignment--center   \">\n\t\t<h2 class=\"qodef-m-title\" style=\"color: #87693D\">\n\t\t\t\t\tChampagne Selection\t\t\t<\/h2>\n\t\t<\/div>\t\t<\/div>\n\t\t\t\t<\/div>\n\t\t\t\t\t<\/div>\n\t\t<\/div>\n\t\t\t\t\t\t\t<\/div>\n\t\t<\/section>\n\t\t\t\t<section class=\"elementor-section elementor-top-section elementor-element elementor-element-058c37a elementor-section-boxed elementor-section-height-default elementor-section-height-default qodef-elementor-content-no\" data-id=\"058c37a\" data-element_type=\"section\">\n\t\t\t\t\t\t<div class=\"elementor-container elementor-column-gap-default\">\n\t\t\t\t\t<div class=\"elementor-column elementor-col-100 elementor-top-column elementor-element elementor-element-367ffc4\" data-id=\"367ffc4\" data-element_type=\"column\">\n\t\t\t<div class=\"elementor-widget-wrap elementor-element-populated\">\n\t\t\t\t\t\t\t\t<div class=\"elementor-element elementor-element-a76b15d elementor-widget elementor-widget-qi_addons_for_elementor_dual_image_with_content\" data-id=\"a76b15d\" data-element_type=\"widget\" data-widget_type=\"qi_addons_for_elementor_dual_image_with_content.default\">\n\t\t\t\t<div class=\"elementor-widget-container\">\n\t\t\t<div class=\"qodef-shortcode qodef-m  qodef-qi-dual-image-with-content qodef--content-left qodef-decoration--italic qodef-link--underline-draw qodef-qi--has-appear \">\n\t<div class=\"qodef-dual-content\">\n\t\t<div class=\"qodef-m-inner-content\">\n\t\t\t\t<h2 class=\"qodef-m-title\">\n\t\tRichardot\t<\/h2>\n\t\t\t\t<p class=\"qodef-m-text\"><i>Tradition Brut<\/i><br><br>\n<i>Cuv\u00e9e Noir Nature<\/i><br><br>\n<i>Ros\u00e9 Brut<\/i><br><br>\n<i>Blanc de Blancs<\/i><br><br>\n<i>Cuv\u00e9e Prestige Brut<\/i><br><br>\n<i>Cuv\u00e9e H\u00e9ritage - Blanc Ou Ros\u00e9 Mill\u00e9sim\u00e9<\/i><br><br><\/p>\n\t\t<\/div>\n\t\t<div class=\"qodef-m-inner-bottom\">\n\t\t\t\t\t<\/div>\n\t<\/div>\n\t<div class=\"qodef-image-holder\">\n\t\t<div class=\"qodef-m-main-image\">\n\t<img loading=\"lazy\" decoding=\"async\" width=\"650\" height=\"800\" src=\"https:\/\/www.champs-legacy.com\/EN\/wp-content\/uploads\/2023\/09\/637753_champagne_richardot-1.jpg\" class=\"attachment-full size-full\" alt=\"\" srcset=\"https:\/\/www.champs-legacy.com\/EN\/wp-content\/uploads\/2023\/09\/637753_champagne_richardot-1.jpg 650w, https:\/\/www.champs-legacy.com\/EN\/wp-content\/uploads\/2023\/09\/637753_champagne_richardot-1-244x300.jpg 244w\" sizes=\"auto, (max-width: 650px) 100vw, 650px\" \/><\/div>\n\t\t<div class=\"qodef-m-second-image\">\n\t<img loading=\"lazy\" decoding=\"async\" width=\"300\" height=\"208\" src=\"https:\/\/www.champs-legacy.com\/EN\/wp-content\/uploads\/2023\/09\/Champagne-Richardot-300x208.jpg\" class=\"attachment-medium size-medium\" alt=\"\" srcset=\"https:\/\/www.champs-legacy.com\/EN\/wp-content\/uploads\/2023\/09\/Champagne-Richardot-300x208.jpg 300w, https:\/\/www.champs-legacy.com\/EN\/wp-content\/uploads\/2023\/09\/Champagne-Richardot.jpg 768w\" sizes=\"auto, (max-width: 300px) 100vw, 300px\" \/><\/div>\n\t<\/div>\n<\/div>\n\t\t<\/div>\n\t\t\t\t<\/div>\n\t\t\t\t\t<\/div>\n\t\t<\/div>\n\t\t\t\t\t\t\t<\/div>\n\t\t<\/section>\n\t\t\t\t\t\t\t<\/div>\n\t\t","protected":false},"excerpt":{"rendered":"<p>Your personalised French Grand Crus We have partnered with the finest producers of Champagne, Bordeaux and Chablis so you can enjoy a selection of Grands Crus, with personalised label bottles at the effigy of your Champion. Please meet below our partners and discover our Sommelier\u2019s selection. Red Selection Domaines Fabre Ch\u00e2teau Landat Haut-M\u00e9doc Ch\u00e2teau Landat [&hellip;]<\/p>\n","protected":false},"author":1,"featured_media":0,"parent":4494,"menu_order":0,"comment_status":"closed","ping_status":"closed","template":"page-full-width.php","meta":{"footnotes":""},"class_list":["post-4808","page","type-page","status-publish","hentry"],"_links":{"self":[{"href":"https:\/\/www.champs-legacy.com\/EN\/wp-json\/wp\/v2\/pages\/4808","targetHints":{"allow":["GET"]}}],"collection":[{"href":"https:\/\/www.champs-legacy.com\/EN\/wp-json\/wp\/v2\/pages"}],"about":[{"href":"https:\/\/www.champs-legacy.com\/EN\/wp-json\/wp\/v2\/types\/page"}],"author":[{"embeddable":true,"href":"https:\/\/www.champs-legacy.com\/EN\/wp-json\/wp\/v2\/users\/1"}],"replies":[{"embeddable":true,"href":"https:\/\/www.champs-legacy.com\/EN\/wp-json\/wp\/v2\/comments?post=4808"}],"version-history":[{"count":49,"href":"https:\/\/www.champs-legacy.com\/EN\/wp-json\/wp\/v2\/pages\/4808\/revisions"}],"predecessor-version":[{"id":5924,"href":"https:\/\/www.champs-legacy.com\/EN\/wp-json\/wp\/v2\/pages\/4808\/revisions\/5924"}],"up":[{"embeddable":true,"href":"https:\/\/www.champs-legacy.com\/EN\/wp-json\/wp\/v2\/pages\/4494"}],"wp:attachment":[{"href":"https:\/\/www.champs-legacy.com\/EN\/wp-json\/wp\/v2\/media?parent=4808"}],"curies":[{"name":"wp","href":"https:\/\/api.w.org\/{rel}","templated":true}]}}